{"id":2,"date":"2024-06-14T09:59:15","date_gmt":"2024-06-14T07:59:15","guid":{"rendered":"http:\/\/zusvex.eu\/?page_id=2"},"modified":"2024-11-18T16:24:10","modified_gmt":"2024-11-18T15:24:10","slug":"page-d-exemple","status":"publish","type":"page","link":"https:\/\/zusvex.com\/index.php\/page-d-exemple\/","title":{"rendered":"La Compagnie Zusvex"},"content":{"rendered":"\n<p><\/p>\n\n\n\n<p class=\"has-text-align-left has-small-font-size\">En 2004, Marie Bout cr\u00e9e la Compagnie Zusvex, implant\u00e9e aujourd\u2019hui \u00e0 Rennes. Marie Bout est la cheville ouvri\u00e8re de la Compagnie Zusvex. <\/p>\n\n\n\n<p class=\"has-text-align-left has-small-font-size\">Fanny Bouffort, Gweltaz Chauvir\u00e9, Leslie Evrard, Achille Grimaud, Beno\u00eet Lesauvage, Sylvain Levey, Ma\u00eft\u00e9 Martin, Agathe Mercat, Yoann Pencol\u00e9, Anne-Laure Pigache, Pierre Tual sont des artistes qui ont apport\u00e9, apportent, une tr\u00e8s grande et jolie pierre \u00e0 la Compagnie Zusvex. Justine le Joncour est la grande complice administrative de la compagnie depuis de nombreuses ann\u00e9es.<\/p>\n\n\n\n<p class=\"has-small-font-size\">Sylvain Levey est un compagnon de travail de longue date. Au sein de la compagnie, Marie Bout a mis en sc\u00e8ne et\/ou jou\u00e9 plusieurs de ses textes dont, entre autres, <em>\u00d4 ciel la procr\u00e9ation est plus ais\u00e9e que l&rsquo;\u00e9ducation<\/em>, <em>Alice pour le moment<\/em>,<em> Cent culottes et sans papiers<\/em>.<\/p>\n\n\n\n<p class=\"has-text-align-left has-small-font-size\">Les spectacles <em>Irina sur mesure<\/em>, <em>Pom-Pom Girl<\/em> ou<em> Isa-Belle Pappier<\/em> mettent en sc\u00e8ne des personnages farfelus qui sont en relation directe avec le pr\u00e9sent. Clowne, Marie Bout aime s\u2019amuser avec ce qu\u2019elle entend, voit, sent, ressent, elle aime saisir l&rsquo;imm\u00e9diat. Elle aime la proximit\u00e9 avec le public, \u00eatre en contact avec lui, jouer dans des endroits qui invitent \u00e0 cette promiscuit\u00e9. Elle aime les objets aussi, du cheval en plastique au caillou en passant par le bout de ferraille us\u00e9e.<\/p>\n\n\n\n<p class=\"has-small-font-size\">Marie Bout aime le collectif. Elle aime rassembler des bandes d&rsquo;artistes autour d&rsquo;aventures artistiques men\u00e9es dans l&rsquo;espace public (terrains de sports, parc, m\u00e9tro, quartiers urbains, c\u0153urs de village) comme par exemple <em>Les Petites Pauses Po\u00e9tiques<\/em> mises en place de 2006 \u00e0 2015 \u00e0 Parign\u00e9 (Ille-et-Vilaine) ou plus r\u00e9cemment la performance <em>Pour de vrai<\/em> \u00e0 Rennes.<\/p>\n\n\n\n<p class=\"has-small-font-size\">Elle aime partager avec des adultes, des adolescent\u00b7es et des enfants des temps de recherche et de cr\u00e9ation artistiques.<\/p>\n\n\n\n<p class=\"has-text-align-left has-small-font-size\">Pour Marie Bout, l\u2019aventure th\u00e9\u00e2trale est un espace fort pour se relier, pour se voir, se toucher pour de vrai, tout pr\u00e8s, en chair et en os. Ce qui anime, excite, met en joie Marie Bout, c\u2019est habiller de chaud, de vaste, de proche ce temps de po\u00e9sie suspendu, et en faire une grande f\u00eate sensible.<\/p>\n\n\n\n<p><\/p>\n","protected":false},"excerpt":{"rendered":"<p>En 2004, Marie Bout cr\u00e9e la Compagnie Zusvex, implant\u00e9e aujourd\u2019hui \u00e0 Rennes. Marie Bout est la cheville ouvri\u00e8re de la Compagnie Zusvex. Fanny Bouffort, Gweltaz Chauvir\u00e9, Leslie Evrard, Achille Grimaud, [&hellip;]<\/p>\n","protected":false},"author":1,"featured_media":220,"parent":0,"menu_order":0,"comment_status":"closed","ping_status":"open","template":"","meta":{"_EventAllDay":false,"_EventTimezone":"","_EventStartDate":"","_EventEndDate":"","_EventStartDateUTC":"","_EventEndDateUTC":"","_EventShowMap":false,"_EventShowMapLink":false,"_EventURL":"","_EventCost":"","_EventCostDescription":"","_EventCurrencySymbol":"","_EventCurrencyCode":"","_EventCurrencyPosition":"","_EventDateTimeSeparator":"","_EventTimeRangeSeparator":"","_EventOrganizerID":[],"_EventVenueID":[],"_OrganizerEmail":"","_OrganizerPhone":"","_OrganizerWebsite":"","_VenueAddress":"","_VenueCity":"","_VenueCountry":"","_VenueProvince":"","_VenueState":"","_VenueZip":"","_VenuePhone":"","_VenueURL":"","_VenueStateProvince":"","_VenueLat":"","_VenueLng":"","_VenueShowMap":false,"_VenueShowMapLink":false,"footnotes":""},"class_list":["post-2","page","type-page","status-publish","has-post-thumbnail","hentry"],"_links":{"self":[{"href":"https:\/\/zusvex.com\/index.php\/wp-json\/wp\/v2\/pages\/2","targetHints":{"allow":["GET"]}}],"collection":[{"href":"https:\/\/zusvex.com\/index.php\/wp-json\/wp\/v2\/pages"}],"about":[{"href":"https:\/\/zusvex.com\/index.php\/wp-json\/wp\/v2\/types\/page"}],"author":[{"embeddable":true,"href":"https:\/\/zusvex.com\/index.php\/wp-json\/wp\/v2\/users\/1"}],"replies":[{"embeddable":true,"href":"https:\/\/zusvex.com\/index.php\/wp-json\/wp\/v2\/comments?post=2"}],"version-history":[{"count":36,"href":"https:\/\/zusvex.com\/index.php\/wp-json\/wp\/v2\/pages\/2\/revisions"}],"predecessor-version":[{"id":564,"href":"https:\/\/zusvex.com\/index.php\/wp-json\/wp\/v2\/pages\/2\/revisions\/564"}],"wp:featuredmedia":[{"embeddable":true,"href":"https:\/\/zusvex.com\/index.php\/wp-json\/wp\/v2\/media\/220"}],"wp:attachment":[{"href":"https:\/\/zusvex.com\/index.php\/wp-json\/wp\/v2\/media?parent=2"}],"curies":[{"name":"wp","href":"https:\/\/api.w.org\/{rel}","templated":true}]}}